{"id":19129,"date":"2020-02-18T11:31:43","date_gmt":"2020-02-18T11:31:43","guid":{"rendered":"https:\/\/demo35.houzez.co\/?page_id=10"},"modified":"2024-12-28T22:54:10","modified_gmt":"2024-12-28T22:54:10","slug":"home-default","status":"publish","type":"page","link":"https:\/\/val.urbanhouse360.com\/","title":{"rendered":"Home Default"},"content":{"rendered":"\t\t<div data-elementor-type=\"wp-page\" data-elementor-id=\"19129\" class=\"elementor elementor-19129\">\n\t\t\t\t\t\t<section class=\"elementor-section elementor-top-section elementor-element elementor-element-b147f27 elementor-section-stretched elementor-section-height-min-height elementor-section-boxed elementor-section-height-default elementor-section-items-middle\" data-id=\"b147f27\" data-element_type=\"section\" data-settings=\"{&quot;stretch_section&quot;:&quot;section-stretched&quot;,&quot;background_background&quot;:&quot;video&quot;,&quot;background_video_link&quot;:&quot;https:\\\/\\\/youtu.be\\\/qOy31MDyYXE&quot;,&quot;background_play_on_mobile&quot;:&quot;yes&quot;}\">\n\t\t\t\t\t\t\t\t<div class=\"elementor-background-video-container\">\n\t\t\t\t\t\t\t\t\t\t\t\t\t<div class=\"elementor-background-video-embed\"><\/div>\n\t\t\t\t\t\t\t\t\t\t\t\t<\/div>\n\t\t\t\t\t\t\t\t\t<div class=\"elementor-background-overlay\"><\/div>\n\t\t\t\t\t\t\t<div class=\"elementor-container elementor-column-gap-default\">\n\t\t\t\t\t<div class=\"elementor-column elementor-col-100 elementor-top-column elementor-element elementor-element-1c7ef66\" data-id=\"1c7ef66\" data-element_type=\"column\">\n\t\t\t<div class=\"elementor-widget-wrap elementor-element-populated\">\n\t\t\t\t\t\t<div class=\"elementor-element elementor-element-a4149fd elementor-invisible elementor-widget elementor-widget-heading\" data-id=\"a4149fd\" data-element_type=\"widget\" data-settings=\"{&quot;_animation&quot;:&quot;fadeInDown&quot;}\" data-widget_type=\"heading.default\">\n\t\t\t\t<div class=\"elementor-widget-container\">\n\t\t\t\t\t<h2 class=\"elementor-heading-title elementor-size-default\">LA Signature URBANHOUSE360<\/h2>\t\t\t\t<\/div>\n\t\t\t\t<\/div>\n\t\t\t\t<div class=\"elementor-element elementor-element-0017548 elementor-widget__width-initial elementor-widget-tablet__width-initial elementor-invisible elementor-widget elementor-widget-heading\" data-id=\"0017548\" data-element_type=\"widget\" data-settings=\"{&quot;_animation&quot;:&quot;fadeInUp&quot;}\" data-widget_type=\"heading.default\">\n\t\t\t\t<div class=\"elementor-widget-container\">\n\t\t\t\t\t<p class=\"elementor-heading-title elementor-size-default\">Fa\u00e7onner votre h\u00e9ritage, l'\u00e2me des lieux et des espaces.<\/p>\t\t\t\t<\/div>\n\t\t\t\t<\/div>\n\t\t\t\t<div class=\"elementor-element elementor-element-0f70fe1 elementor-absolute elementor-view-default elementor-invisible elementor-widget elementor-widget-icon\" data-id=\"0f70fe1\" data-element_type=\"widget\" data-settings=\"{&quot;_position&quot;:&quot;absolute&quot;,&quot;_animation&quot;:&quot;fadeInDown&quot;}\" data-widget_type=\"icon.default\">\n\t\t\t\t<div class=\"elementor-widget-container\">\n\t\t\t\t\t\t\t<div class=\"elementor-icon-wrapper\">\n\t\t\t<div class=\"elementor-icon\">\n\t\t\t<i aria-hidden=\"true\" class=\"fas fa-chevron-down\"><\/i>\t\t\t<\/div>\n\t\t<\/div>\n\t\t\t\t\t\t<\/div>\n\t\t\t\t<\/div>\n\t\t\t\t\t<\/div>\n\t\t<\/div>\n\t\t\t\t\t<\/div>\n\t\t<\/section>\n\t\t\t\t<\/div>\n\t\t","protected":false},"excerpt":{"rendered":"<p>LA Signature URBANHOUSE360 Fa\u00e7onner votre h\u00e9ritage, l&rsquo;\u00e2me des lieux et des espaces.<\/p>\n","protected":false},"author":1,"featured_media":0,"parent":0,"menu_order":0,"comment_status":"closed","ping_status":"closed","template":"template\/template-homepage.php","meta":{"content-type":"","_monsterinsights_skip_tracking":false,"_monsterinsights_sitenote_active":false,"_monsterinsights_sitenote_note":"","_monsterinsights_sitenote_category":0,"footnotes":""},"class_list":["post-19129","page","type-page","status-publish","hentry"],"_links":{"self":[{"href":"https:\/\/val.urbanhouse360.com\/index.php\/wp-json\/wp\/v2\/pages\/19129","targetHints":{"allow":["GET"]}}],"collection":[{"href":"https:\/\/val.urbanhouse360.com\/index.php\/wp-json\/wp\/v2\/pages"}],"about":[{"href":"https:\/\/val.urbanhouse360.com\/index.php\/wp-json\/wp\/v2\/types\/page"}],"author":[{"embeddable":true,"href":"https:\/\/val.urbanhouse360.com\/index.php\/wp-json\/wp\/v2\/users\/1"}],"replies":[{"embeddable":true,"href":"https:\/\/val.urbanhouse360.com\/index.php\/wp-json\/wp\/v2\/comments?post=19129"}],"version-history":[{"count":7,"href":"https:\/\/val.urbanhouse360.com\/index.php\/wp-json\/wp\/v2\/pages\/19129\/revisions"}],"predecessor-version":[{"id":19195,"href":"https:\/\/val.urbanhouse360.com\/index.php\/wp-json\/wp\/v2\/pages\/19129\/revisions\/19195"}],"wp:attachment":[{"href":"https:\/\/val.urbanhouse360.com\/index.php\/wp-json\/wp\/v2\/media?parent=19129"}],"curies":[{"name":"wp","href":"https:\/\/api.w.org\/{rel}","templated":true}]}}